{"id":4065,"date":"2018-07-20T18:43:19","date_gmt":"2018-07-20T18:43:19","guid":{"rendered":"http:\/\/wefeel.mx\/?page_id=4065"},"modified":"2020-07-28T01:20:42","modified_gmt":"2020-07-28T01:20:42","slug":"bienestar","status":"publish","type":"page","link":"https:\/\/wefeel.mx\/en\/bienestar\/","title":{"rendered":"Emotional Well-being"},"content":{"rendered":"<div class=\"wpb-content-wrapper\"><div class=\"mkdf-row-grid-section-wrapper\"  ><div class=\"mkdf-row-grid-section\"><div id=\"estar\" class=\"vc_row wpb_row vc_row-fluid vc_custom_1539988413702\" ><div class=\"wpb_column vc_column_container vc_col-sm-12\"><div class=\"vc_column-inner\"><div class=\"wpb_wrapper\">\n\t<div class=\"wpb_text_column wpb_content_element vc_custom_1539988049376\" id=\"estar\">\n\t\t<div class=\"wpb_wrapper\">\n\t\t\t<p><span style=\"font-family: 'Federo', sans-serif; font-size: 26px; color: #2d3b77; letter-spacing: 1px;\">Emotional Well-being<\/span><\/p>\n\n\t\t<\/div>\n\t<\/div>\n<div class=\"vc_row wpb_row vc_inner vc_row-fluid\" ><div class=\"wpb_column vc_column_container vc_col-sm-6\"><div class=\"vc_column-inner vc_custom_1528946351251\"><div class=\"wpb_wrapper\">\n\t<div class=\"wpb_text_column wpb_content_element\" >\n\t\t<div class=\"wpb_wrapper\">\n\t\t\t<p>Cuando una persona sabe que algo no est\u00e1 bien en su vida; quiere cambiar pero no sabe por d\u00f3nde empezar, es \u00e9se el momento de buscar ayuda.<br \/>\nEl estilo de psicoterapia apoyado por las t\u00e9cnicas de WeFeel pueden hacer una gran diferencia en tu vida. Tendr\u00e1s una mayor comprensi\u00f3n acerca de tu conducta, tus sentimientos, tus emociones, tus conflictos contigo mismo(a) y con los dem\u00e1s. Tendr\u00e1s una variedad de herramientas pr\u00e1cticas que podr\u00e1s usar siempre que las necesites. Conocer\u00e1s un poder en ti que ignorabas.<\/p>\n\n\t\t<\/div>\n\t<\/div>\n<\/div><\/div><\/div><div class=\"wpb_column vc_column_container vc_col-sm-6\"><div class=\"vc_column-inner vc_custom_1528946357267\"><div class=\"wpb_wrapper\">\n\t<div class=\"wpb_text_column wpb_content_element\" >\n\t\t<div class=\"wpb_wrapper\">\n\t\t\t<h4><strong><img decoding=\"async\" class=\"alignnone wp-image-4101 size-full\" src=\"http:\/\/wefeel.mx\/wp-content\/uploads\/2018\/07\/emo-img1.jpg\" alt=\"\" width=\"900\" height=\"839\" srcset=\"https:\/\/wefeel.mx\/wp-content\/uploads\/2018\/07\/emo-img1.jpg 900w, https:\/\/wefeel.mx\/wp-content\/uploads\/2018\/07\/emo-img1-300x280.jpg 300w, https:\/\/wefeel.mx\/wp-content\/uploads\/2018\/07\/emo-img1-768x716.jpg 768w\" sizes=\"(max-width: 900px) 100vw, 900px\" \/><\/strong><\/h4>\n\n\t\t<\/div>\n\t<\/div>\n<\/div><\/div><\/div><\/div><\/div><\/div><\/div><\/div><\/div><\/div><div class=\"vc_row wpb_row vc_row-fluid\" ><div class=\"wpb_column vc_column_container vc_col-sm-12 vc_hidden-xs\"><div class=\"vc_column-inner\"><div class=\"wpb_wrapper\"><div class=\"vc_empty_space\"   style=\"height: 70px\"><span class=\"vc_empty_space_inner\"><\/span><\/div><\/div><\/div><\/div><\/div><div class=\"mkdf-row-grid-section-wrapper\"  ><div class=\"mkdf-row-grid-section\"><div class=\"vc_row wpb_row vc_row-fluid vc_custom_1533583423815\" ><div class=\"wpb_column vc_column_container vc_col-sm-12\"><div class=\"vc_column-inner\"><div class=\"wpb_wrapper\">\n\t<div class=\"wpb_text_column wpb_content_element vc_custom_1539042357579\" >\n\t\t<div class=\"wpb_wrapper\">\n\t\t\t<p><span style=\"font-family: 'Federo', sans-serif; font-size: 26px; color: #2d3b77; letter-spacing: 1px;\">Health in the mind-body<\/span><\/p>\n\n\t\t<\/div>\n\t<\/div>\n<div class=\"vc_row wpb_row vc_inner vc_row-fluid\" ><div class=\"wpb_column vc_column_container vc_col-sm-12\"><div class=\"vc_column-inner vc_custom_1528946351251\"><div class=\"wpb_wrapper\">\n\t<div class=\"wpb_text_column wpb_content_element\" >\n\t\t<div class=\"wpb_wrapper\">\n\t\t\t<p>The mind-body is a unity as opossed to two different entities. What happens in our body, is directly linked to our thoughts, beliefs and emotions-current ones and those that have remained anchored in our tissues. Genuine feelings of joy, love, compassion, and especially gratitude, release thousands of natural chemicals in our body that contribute to the processes of repair that are constantly carried out for us. On the contrary, when feelings like anger, resentment, fear, despair, impotence, shame (and others) prevail, a high level of <strong>stress <\/strong>is generated in our mind-body that impacts all our systems producing multiple symptoms and \/ or ailments.<\/p>\n<p>There are also numerous factors that, at an unconscious level, affect us on the physical, mental and emotional planes. Like an antenna, our Nervous System is highly sensitive and able to inadvertently perceive thousands of stimuli that may have a significant impact on our physical, mental and emotional health.<\/p>\n<p>There are plenty of other aspects that can make us ill, but whatever the sources of our affliction might be, our healing methods enable the mind-body to become aware of them and start amending what it needs to.<\/p>\n\n\t\t<\/div>\n\t<\/div>\n\n\t<div class=\"wpb_text_column wpb_content_element\" >\n\t\t<div class=\"wpb_wrapper\">\n\t\t\t<p>The molecules of repressed, masked or unresolved emotions may anchor to cells, tissues and organs indefinitely resulting in depression, anxiety, fear, and countless physical, mental, behavioral and emotional symptoms.<\/p>\n<p>The different techniques available at <img decoding=\"async\" class=\"alignnone wp-image-3422\" src=\"http:\/\/wefeel.mx\/wp-content\/uploads\/2018\/06\/Logo.png\" alt=\"\" width=\"100\" height=\"20\" srcset=\"https:\/\/wefeel.mx\/wp-content\/uploads\/2018\/06\/Logo.png 350w, https:\/\/wefeel.mx\/wp-content\/uploads\/2018\/06\/Logo-300x59.png 300w\" sizes=\"(max-width: 100px) 100vw, 100px\" \/>, disponemos de t\u00e9cnicas que nos permiten acelerar dram\u00e1ticamente los cambios positivos en el estado emocional y f\u00edsico de los pacientes, porque el proceso transita por v\u00edas m\u00e1s r\u00e1pidas, directas y eficientes. La persona, sin duda, notar\u00e1 un estado de mayor bienestar y conexi\u00f3n con la vida.<\/p>\n<p>One piece of the treatment always includes <strong>strengthening the nervous system and its connections so as to foster a lasting transformation.<\/strong><\/p>\n<p>&nbsp;<\/p>\n\n\t\t<\/div>\n\t<\/div>\n<\/div><\/div><\/div><\/div><\/div><\/div><\/div><\/div><\/div><\/div><div class=\"vc_row wpb_row vc_row-fluid\" ><div class=\"wpb_column vc_column_container vc_col-sm-12\"><div class=\"vc_column-inner\"><div class=\"wpb_wrapper\">\n\t<div class=\"wpb_raw_code wpb_raw_html wpb_content_element\" >\n\t\t<div class=\"wpb_wrapper\">\n\t\t\t<!-- Begin Mailchimp Signup Form -->\n<link href=\"\/\/cdn-images.mailchimp.com\/embedcode\/horizontal-slim-10_7.css\" rel=\"stylesheet\" type=\"text\/css\">\n<style type=\"text\/css\">\n\t#mc_embed_signup{background:#fff; clear:left; font:14px Helvetica,Arial,sans-serif; width:100%;}\n\t\/* Add your own Mailchimp form style overrides in your site stylesheet or in this style block.\n\t   We recommend moving this block and the preceding CSS link to the HEAD of your HTML file. *\/\n<\/style>\n<div id=\"mc_embed_signup\">\n<form action=\"https:\/\/wefeel.us7.list-manage.com\/subscribe\/post?u=b9cea67b8bdf13ed68ed63f8f&amp;id=75533c8398\" method=\"post\" id=\"mc-embedded-subscribe-form\" name=\"mc-embedded-subscribe-form\" class=\"validate\" target=\"_blank\" novalidate data-trp-original-action=\"https:\/\/wefeel.us7.list-manage.com\/subscribe\/post?u=b9cea67b8bdf13ed68ed63f8f&amp;id=75533c8398\">\n    <div id=\"mc_embed_signup_scroll\">\n\t<label for=\"mce-EMAIL\">Sign up to receive my health newsletters and videos in your inbox once a month. <\/label>\n\t<input type=\"email\" value=\"\" name=\"EMAIL\" class=\"email\" id=\"mce-EMAIL\" placeholder=\"email address\" required>\n    <!-- real people should not fill this in and expect good things - do not remove this or risk form bot signups-->\n    <div style=\"position: absolute; left: -5000px;\" aria-hidden=\"true\"><input type=\"text\" name=\"b_b9cea67b8bdf13ed68ed63f8f_75533c8398\" tabindex=\"-1\" value=\"\"><\/div>\n    <div class=\"clear\"><input type=\"submit\" value=\"Subscribe\" name=\"subscribe\" id=\"mc-embedded-subscribe\" class=\"button\"><\/div>\n    <\/div>\n<input type=\"hidden\" name=\"trp-form-language\" value=\"en\"\/><\/form>\n<\/div>\n\n<!--End mc_embed_signup-->\n\t\t<\/div>\n\t<\/div>\n<\/div><\/div><\/div><\/div>\n<\/div>","protected":false},"excerpt":{"rendered":"Bienestar Emocional Cuando una persona sabe que algo no est\u00e1 bien en su vida; quiere [...]","protected":false},"author":1,"featured_media":0,"parent":0,"menu_order":0,"comment_status":"closed","ping_status":"closed","template":"full-width.php","meta":{"footnotes":""},"class_list":["post-4065","page","type-page","status-publish","hentry"],"_links":{"self":[{"href":"https:\/\/wefeel.mx\/en\/wp-json\/wp\/v2\/pages\/4065","targetHints":{"allow":["GET"]}}],"collection":[{"href":"https:\/\/wefeel.mx\/en\/wp-json\/wp\/v2\/pages"}],"about":[{"href":"https:\/\/wefeel.mx\/en\/wp-json\/wp\/v2\/types\/page"}],"author":[{"embeddable":true,"href":"https:\/\/wefeel.mx\/en\/wp-json\/wp\/v2\/users\/1"}],"replies":[{"embeddable":true,"href":"https:\/\/wefeel.mx\/en\/wp-json\/wp\/v2\/comments?post=4065"}],"version-history":[{"count":34,"href":"https:\/\/wefeel.mx\/en\/wp-json\/wp\/v2\/pages\/4065\/revisions"}],"predecessor-version":[{"id":5232,"href":"https:\/\/wefeel.mx\/en\/wp-json\/wp\/v2\/pages\/4065\/revisions\/5232"}],"wp:attachment":[{"href":"https:\/\/wefeel.mx\/en\/wp-json\/wp\/v2\/media?parent=4065"}],"curies":[{"name":"wp","href":"https:\/\/api.w.org\/{rel}","templated":true}]}}