{"id":3474,"date":"2018-06-14T02:27:34","date_gmt":"2018-06-14T02:27:34","guid":{"rendered":"http:\/\/wefeel.mx\/?page_id=3474"},"modified":"2019-05-21T04:06:53","modified_gmt":"2019-05-21T04:06:53","slug":"nmt","status":"publish","type":"page","link":"https:\/\/wefeel.mx\/en\/nmt\/","title":{"rendered":"NMT"},"content":{"rendered":"<div class=\"wpb-content-wrapper\"><div class=\"mkdf-row-grid-section-wrapper\"  ><div class=\"mkdf-row-grid-section\"><div class=\"vc_row wpb_row vc_row-fluid vc_custom_1528943447023\" ><div class=\"wpb_column vc_column_container vc_col-sm-12 vc_hidden-xs\"><div class=\"vc_column-inner\"><div class=\"wpb_wrapper\">\n\t<div class=\"wpb_text_column wpb_content_element vc_custom_1532705965170\" >\n\t\t<div class=\"wpb_wrapper\">\n\t\t\t<p><span style=\"font-family: 'Federo', sans-serif; font-size: 26px; color: #2d3b77; letter-spacing: 1px;\">NeuroModulation Technique<br \/>\nNMT<\/span><\/p>\n\n\t\t<\/div>\n\t<\/div>\n<div class=\"vc_row wpb_row vc_inner vc_row-fluid\" ><div class=\"wpb_column vc_column_container vc_col-sm-6\"><div class=\"vc_column-inner vc_custom_1528946351251\"><div class=\"wpb_wrapper\">\n\t<div class=\"wpb_text_column wpb_content_element\" >\n\t\t<div class=\"wpb_wrapper\">\n\t\t\t<p style=\"text-align: justify;\">\" <strong>NeuroModulation<\/strong> (<strong>NMT<\/strong>supports the premise that <strong>the body possesses an innate capacity for self-healing<\/strong>. Evidence demonstrates that when the mind-body is not using its own tools to repair itself, as it would naturally do, it is likely due to an informational bafflement within its systems. Nonetheless, NMT offers us the most unique system to address this informational confusion, hence the potential for the body to correct itself.<\/p>\n<p style=\"text-align: justify;\">Examples of how such informational bafflement could make the body \"lose its path\" are <strong>allergies<\/strong> and <strong>autoinmmunity<\/strong>Suppose that we ingest an innocuous substance like an apple or say that we are exposed to any substance from the environment like dust; our immune system can perceive these substances as a \u201cthreat\u201d thus causing the body to over react. It is as if the body got into a state of \u201cparanoia\u201d, and therefore its response would be an inflammatory reaction, known as an allergy. This response from the immune system is unnecessary, because neither the apple nor the dust represents any actual danger. In other words, it is an incorrect perception detected by the immune system. In the case of an autoimmune process, the body \u201cbecomes confused\u201d and it attacks and destroys its own tissues. This is clearly another mistake of the immune system since it is designed to defend us, not to attack our own tissues.<\/p>\n\n\t\t<\/div>\n\t<\/div>\n<\/div><\/div><\/div><div class=\"wpb_column vc_column_container vc_col-sm-6\"><div class=\"vc_column-inner vc_custom_1528946357267\"><div class=\"wpb_wrapper\">\n\t<div class=\"wpb_text_column wpb_content_element\" >\n\t\t<div class=\"wpb_wrapper\">\n\t\t\t<h4><strong><img decoding=\"async\" class=\"alignnone wp-image-4052 size-full\" src=\"http:\/\/wefeel.mx\/wp-content\/uploads\/2018\/07\/nmt-img1.jpg\" alt=\"\" width=\"800\" height=\"481\" srcset=\"https:\/\/wefeel.mx\/wp-content\/uploads\/2018\/07\/nmt-img1.jpg 800w, https:\/\/wefeel.mx\/wp-content\/uploads\/2018\/07\/nmt-img1-300x180.jpg 300w, https:\/\/wefeel.mx\/wp-content\/uploads\/2018\/07\/nmt-img1-768x462.jpg 768w\" sizes=\"(max-width: 800px) 100vw, 800px\" \/><\/strong><\/h4>\n<h4 style=\"text-align: left; font-family: 'Federo', sans-serif; font-size: 20px; letter-spacing: 1px;\"><strong><br \/>\nHow does it work?<\/strong><\/h4>\n\n\t\t<\/div>\n\t<\/div>\n\n\t<div class=\"wpb_text_column wpb_content_element\" >\n\t\t<div class=\"wpb_wrapper\">\n\t\t\t<p style=\"text-align: justify;\">In order to redirect the mind-body, <strong>NMT<\/strong> utilizes \u00a0<em>\"clinical protocols\"<\/em>. Dichos protocolos operan como un <strong>group of specialists<\/strong> work as a team to attend the body-mind unit with great efficiency. Some examples would be, the protocol aimed at optimizing the function of the immune system, or the protocol that allows the body to identify toxins and eliminate them, or the protocols that generate consciousness in the body about the existence of viruses, bacteria, fungi and parasites and it is then strengthened to extinguish them, among others. The content of these <em>protocols<\/em> is composed of a perfectly structured, thorough and specific language to fulfill the purpose of channeling the mind-body towards self-repair. This feature makes <strong>NMT<\/strong> a unique model in the world of healing, and it is partly where the effectiveness and success of this method lies.<\/p>\n\n\t\t<\/div>\n\t<\/div>\n<\/div><\/div><\/div><\/div><\/div><\/div><\/div><\/div><\/div><\/div><div class=\"mkdf-row-grid-section-wrapper\"  ><div class=\"mkdf-row-grid-section\"><div class=\"vc_row wpb_row vc_row-fluid vc_custom_1529032450725\" ><div class=\"wpb_column vc_column_container vc_col-sm-12 vc_hidden-lg vc_hidden-md vc_hidden-sm\"><div class=\"vc_column-inner\"><div class=\"wpb_wrapper\"><div class=\"vc_row wpb_row vc_inner vc_row-fluid\" ><div class=\"wpb_column vc_column_container vc_col-sm-12\"><div class=\"vc_column-inner\"><div class=\"wpb_wrapper\">\n\t<div class=\"wpb_text_column wpb_content_element vc_custom_1532705972205\" >\n\t\t<div class=\"wpb_wrapper\">\n\t\t\t<p><span style=\"font-family: 'Federo', sans-serif; font-size: 26px; color: #2d3b77; letter-spacing: 1px;\">NeuroModulation Technique<br \/>\nNMT<\/span><\/p>\n\n\t\t<\/div>\n\t<\/div>\n\n\t<div class=\"wpb_text_column wpb_content_element\" >\n\t\t<div class=\"wpb_wrapper\">\n\t\t\t<p style=\"text-align: justify;\">\" <strong>NeuroModulation Technique<\/strong> (<strong>NMT<\/strong>), desarrollada por el Dr. Leslie Feinberg, sostiene la premisa de que el cuerpo-mente tiene la capacidad inherente de auto sanar; cuando el cuerpo-mente no est\u00e1 utilizando las herramientas que tiene para auto-repararse, como ser\u00eda su naturaleza, probablemente se deba a una confusi\u00f3n informativa dentro de sus sistemas, como ya explicamos, afortunadamente este fen\u00f3meno tiene el potencial de corregirse.<\/p>\n<p style=\"text-align: justify;\">Examples of how such informational bafflement could make the body \"lose its path\" are <strong>allergies<\/strong> and <strong>autoinmmunity<\/strong>. Suppose that we ingest an innocuous substance like an apple or say that we are exposed to any substance from the environment like dust; our inmune system can perceive any of these substances as a \"threat\" thus causing the body to over react. It is as if the body got into an state of \"paranoia\", and therefore its response would be an inflammatory reaction, known as an allergy. This response from the inmune system is unnecessary because neither the apple nor the dust represents any actual danger. In other words it is an incorrect perception detected by the inmune system. In the case of an autoimmune process the body \"becomes confused\" and it attacks and destroys its own tissues. This is clearly another mistake of the immune system since it is design to defend us, not to attack our own tissues.<\/p>\n\n\t\t<\/div>\n\t<\/div>\n\n\t<div class=\"wpb_text_column wpb_content_element\" >\n\t\t<div class=\"wpb_wrapper\">\n\t\t\t<h4><strong><img decoding=\"async\" class=\"alignnone wp-image-4052 size-full\" src=\"http:\/\/wefeel.mx\/wp-content\/uploads\/2018\/07\/nmt-img1.jpg\" alt=\"\" width=\"800\" height=\"481\" srcset=\"https:\/\/wefeel.mx\/wp-content\/uploads\/2018\/07\/nmt-img1.jpg 800w, https:\/\/wefeel.mx\/wp-content\/uploads\/2018\/07\/nmt-img1-300x180.jpg 300w, https:\/\/wefeel.mx\/wp-content\/uploads\/2018\/07\/nmt-img1-768x462.jpg 768w\" sizes=\"(max-width: 800px) 100vw, 800px\" \/><\/strong><\/h4>\n<h4 style=\"text-align: left; font-family: 'Federo', sans-serif; font-size: 22px; letter-spacing: 1px;\"><strong>How does it work?<\/strong><\/h4>\n\n\t\t<\/div>\n\t<\/div>\n\n\t<div class=\"wpb_text_column wpb_content_element\" >\n\t\t<div class=\"wpb_wrapper\">\n\t\t\t<p style=\"text-align: justify;\">In order to redirect the mind-body. <strong>NMT<\/strong> utilizes \u00a0<em>\"clinical protocols\"<\/em>. <em>protocols<\/em> are addressed to the autonomous control system of the patient. The autonomous nervous system is the part of the nervous system that controls body functions that do not require our awareness nor our will, such as breathing, heartbeat, digestive processes among others. <em>protocols<\/em> is composed of a perfectly structured, thorough and specific language to fulfill the purpose of channeling the mind-body towards self-repair. This feature makes <strong>NMT<\/strong> a unique model in the world of healing, and it is partly where the effectiveness and success of this method lies.<\/p>\n\n\t\t<\/div>\n\t<\/div>\n<\/div><\/div><\/div><\/div><\/div><\/div><\/div><\/div><\/div><\/div><div class=\"vc_row wpb_row vc_row-fluid\" ><div class=\"wpb_column vc_column_container vc_col-sm-12\"><div class=\"vc_column-inner\"><div class=\"wpb_wrapper\"><div class=\"vc_empty_space\"   style=\"height: 70px\"><span class=\"vc_empty_space_inner\"><\/span><\/div><\/div><\/div><\/div><\/div>\n<\/div>","protected":false},"excerpt":{"rendered":"T\u00e9cnica de Neuromodulaci\u00f3n (NMT- NeuroModulation Technique) La t\u00e9cnica de NeuroModulaci\u00f3n (NMT), sostiene la premisa de [...]","protected":false},"author":1,"featured_media":0,"parent":0,"menu_order":0,"comment_status":"closed","ping_status":"closed","template":"full-width.php","meta":{"footnotes":""},"class_list":["post-3474","page","type-page","status-publish","hentry"],"_links":{"self":[{"href":"https:\/\/wefeel.mx\/en\/wp-json\/wp\/v2\/pages\/3474","targetHints":{"allow":["GET"]}}],"collection":[{"href":"https:\/\/wefeel.mx\/en\/wp-json\/wp\/v2\/pages"}],"about":[{"href":"https:\/\/wefeel.mx\/en\/wp-json\/wp\/v2\/types\/page"}],"author":[{"embeddable":true,"href":"https:\/\/wefeel.mx\/en\/wp-json\/wp\/v2\/users\/1"}],"replies":[{"embeddable":true,"href":"https:\/\/wefeel.mx\/en\/wp-json\/wp\/v2\/comments?post=3474"}],"version-history":[{"count":74,"href":"https:\/\/wefeel.mx\/en\/wp-json\/wp\/v2\/pages\/3474\/revisions"}],"predecessor-version":[{"id":4939,"href":"https:\/\/wefeel.mx\/en\/wp-json\/wp\/v2\/pages\/3474\/revisions\/4939"}],"wp:attachment":[{"href":"https:\/\/wefeel.mx\/en\/wp-json\/wp\/v2\/media?parent=3474"}],"curies":[{"name":"wp","href":"https:\/\/api.w.org\/{rel}","templated":true}]}}